{"id":102,"date":"2022-12-22T23:12:51","date_gmt":"2022-12-22T23:12:51","guid":{"rendered":"https:\/\/micaias.org\/?page_id=102"},"modified":"2026-01-07T23:09:58","modified_gmt":"2026-01-07T23:09:58","slug":"bienvenido-a-micaicas-org","status":"publish","type":"page","link":"https:\/\/micaias.org\/","title":{"rendered":"Inicio"},"content":{"rendered":"\n<h2 class=\"wp-block-heading\">\u00bfBuscas una educaci\u00f3n que desaf\u00ede tu intelecto y fortalezca tu fe?<\/h2>\n\n\n\n<p>En un mundo de verdades relativas, la <strong>Universidad Mica\u00edas<\/strong> nace como un faro de rigor intelectual y fidelidad b\u00edblica. Somos la primera Facultad en M\u00e9xico dedicada a la formaci\u00f3n cl\u00e1sica bajo la tradici\u00f3n Reformada y Confesional.<\/p>\n\n\n\n<p>No solo te preparamos para una carrera; te formamos para liderar con sabidur\u00eda, elocuencia y una mente cultivada en las fuentes originales de la civilizaci\u00f3n.<\/p>\n\n\n\n<div class=\"wp-block-columns is-layout-flex wp-container-core-columns-is-layout-28f84493 wp-block-columns-is-layout-flex\">\n<div class=\"wp-block-column is-layout-flow wp-block-column-is-layout-flow\">\n<hr class=\"wp-block-separator has-alpha-channel-opacity\"\/>\n<\/div>\n<\/div>\n\n\n\n<div class=\"wp-block-media-text is-stacked-on-mobile\" style=\"grid-template-columns:31% auto\"><figure class=\"wp-block-media-text__media\"><img loading=\"lazy\" decoding=\"async\" width=\"500\" height=\"459\" src=\"https:\/\/micaias.org\/wp-content\/uploads\/2026\/01\/Artes-liberales-pequeno.jpg\" alt=\"\" class=\"wp-image-331 size-full\" srcset=\"https:\/\/micaias.org\/wp-content\/uploads\/2026\/01\/Artes-liberales-pequeno.jpg 500w, https:\/\/micaias.org\/wp-content\/uploads\/2026\/01\/Artes-liberales-pequeno-300x275.jpg 300w\" sizes=\"auto, (max-width: 500px) 100vw, 500px\" \/><\/figure><div class=\"wp-block-media-text__content\">\n<p><strong>Modelo de Artes Liberales:<\/strong> Recuperamos el <em>Trivium<\/em> (L\u00f3gica, Ret\u00f3rica y Gram\u00e1tica) como base de toda disciplina superior.<\/p>\n\n\n\n<p><strong>Formaci\u00f3n Biling\u00fce:<\/strong> Los primeros dos a\u00f1os de universidad te formar\u00e1n en ingl\u00e9s. Los dos \u00faltimos a\u00f1os, todos tus estudios ser\u00e1n en ingl\u00e9s.<\/p>\n\n\n\n<p><strong>Formacion Classica:<\/strong> Aprende Griego y Latin. Esto es requicito para estudiantes que ingresen a la Maestria en Divinidades.<\/p>\n\n\n\n<p><strong>Est\u00e1ndar Global:<\/strong> Un curr\u00edculo alineado con las mejores universidades de la <em>Ivy League<\/em> mediante la plataforma <em>Modern States<\/em>.<\/p>\n\n\n\n<p><strong>Fundamento B\u00edblico:<\/strong> Una cosmovisi\u00f3n reformada que reconoce la soberan\u00eda de Dios sobre toda la creaci\u00f3n y el conocimiento.<\/p>\n\n\n\n<p><strong>Maestr\u00eda en Divinidades<\/strong>: El est\u00e1ndar reformado para pastores. \u00c9nfasis en Griego, Hebreo y una educaci\u00f3n intelectual rigurosa. Pregunta por el programa.<\/p>\n<\/div><\/div>\n\n\n\n<hr class=\"wp-block-separator has-alpha-channel-opacity\"\/>\n\n\n\n<p><strong>S\u00c9 PARTE DE NUESTRA PRIMERA GENERACI\u00d3N<\/strong> <em>Inicio de cursos: 9 de febrero de 2026<\/em><\/p>\n\n\n\n<p>Estamos seleccionando a los futuros l\u00edderes, pensadores y pastores de M\u00e9xico. Los cupos para nuestra generaci\u00f3n fundadora son limitados y sujetos a un riguroso proceso de admisi\u00f3n.<\/p>\n\n\n\n<p><strong>Reg\u00edstrate para recibir:<\/strong><\/p>\n\n\n\n<ol start=\"1\" class=\"wp-block-list\">\n<li>El Plan de Estudios Detallado (PDF).<\/li>\n\n\n\n<li>Informaci\u00f3n sobre el proceso de selecci\u00f3n y becas.<\/li>\n\n\n\n<li>Invitaci\u00f3n exclusiva a nuestro seminario web introductorio.<\/li>\n<\/ol>\n\n\n\n<form id=\"contactForm\" action=\"YOUR_URL_HERE\" method=\"POST\">\n    <input type=\"text\" name=\"fullName\" placeholder=\"Nombre completo\" required>\n    <input type=\"tel\" name=\"phone\" placeholder=\"Celuar\" required>\n    <input type=\"email\" name=\"email\" placeholder=\"Correo electr\u00f3nico\" required>\n    <button type=\"submit\" id=\"submitBtn\">Enviar<\/button>\n<\/form>\n\n<script>\n  const form = document.getElementById('contactForm');\n  const scriptURL = 'https:\/\/script.google.com\/macros\/s\/AKfycbyNnd9oZjDwY3E9xBtKwP8hDfWdZFhab101OTVTNaCxBKbVr2zMZJUw5BR-sBuF_IqB\/exec'; \/\/ <-- PASTE YOUR URL HERE AGAIN\n\n  form.addEventListener(\"submit\", function(e) {\n    e.preventDefault(); \/\/ This stops the page from reloading\n    \n    const btn = document.getElementById('submitBtn');\n    btn.disabled = true;\n    btn.innerText = \"Sending...\";\n\n    \/\/ This sends the data to your Google Sheet\n    fetch(scriptURL, { method: 'POST', body: new FormData(form) })\n      .then(response => {\n          alert(\"Listo! tu informacion fue enviada exitosamente.\");\n          form.reset();\n      })\n      .catch(error => {\n          console.error('Error!', error.message);\n          alert(\"Something went wrong. Please try again.\");\n      })\n      .finally(() => {\n          btn.disabled = false;\n          btn.innerText = \"Send Message\";\n      });\n  });\n<\/script>\n\n\n\n<hr class=\"wp-block-separator has-alpha-channel-opacity\"\/>\n\n\n\n<p class=\"has-text-align-center\"><strong>Siguenos en las redes sociales<\/strong><\/p>\n\n\n\n<ul class=\"wp-block-social-links is-content-justification-center is-layout-flex wp-container-core-social-links-is-layout-a89b3969 wp-block-social-links-is-layout-flex\"><li class=\"wp-social-link wp-social-link-facebook  wp-block-social-link\"><a href=\"https:\/\/web.facebook.com\/profile.php?id=100094170984030\" class=\"wp-block-social-link-anchor\"><svg width=\"24\" height=\"24\" viewBox=\"0 0 24 24\" version=\"1.1\" xmlns=\"http:\/\/www.w3.org\/2000\/svg\" aria-hidden=\"true\" focusable=\"false\"><path d=\"M12 2C6.5 2 2 6.5 2 12c0 5 3.7 9.1 8.4 9.9v-7H7.9V12h2.5V9.8c0-2.5 1.5-3.9 3.8-3.9 1.1 0 2.2.2 2.2.2v2.5h-1.3c-1.2 0-1.6.8-1.6 1.6V12h2.8l-.4 2.9h-2.3v7C18.3 21.1 22 17 22 12c0-5.5-4.5-10-10-10z\"><\/path><\/svg><span class=\"wp-block-social-link-label screen-reader-text\">Facebook<\/span><\/a><\/li>\n\n<li class=\"wp-social-link wp-social-link-youtube  wp-block-social-link\"><a href=\"https:\/\/www.youtube.com\/@MicaiasORG\" class=\"wp-block-social-link-anchor\"><svg width=\"24\" height=\"24\" viewBox=\"0 0 24 24\" version=\"1.1\" xmlns=\"http:\/\/www.w3.org\/2000\/svg\" aria-hidden=\"true\" focusable=\"false\"><path d=\"M21.8,8.001c0,0-0.195-1.378-0.795-1.985c-0.76-0.797-1.613-0.801-2.004-0.847c-2.799-0.202-6.997-0.202-6.997-0.202 h-0.009c0,0-4.198,0-6.997,0.202C4.608,5.216,3.756,5.22,2.995,6.016C2.395,6.623,2.2,8.001,2.2,8.001S2,9.62,2,11.238v1.517 c0,1.618,0.2,3.237,0.2,3.237s0.195,1.378,0.795,1.985c0.761,0.797,1.76,0.771,2.205,0.855c1.6,0.153,6.8,0.201,6.8,0.201 s4.203-0.006,7.001-0.209c0.391-0.047,1.243-0.051,2.004-0.847c0.6-0.607,0.795-1.985,0.795-1.985s0.2-1.618,0.2-3.237v-1.517 C22,9.62,21.8,8.001,21.8,8.001z M9.935,14.594l-0.001-5.62l5.404,2.82L9.935,14.594z\"><\/path><\/svg><span class=\"wp-block-social-link-label screen-reader-text\">YouTube<\/span><\/a><\/li>\n\n<li class=\"wp-social-link wp-social-link-whatsapp  wp-block-social-link\"><a href=\"https:\/\/wa.me\/13142976787\" class=\"wp-block-social-link-anchor\"><svg width=\"24\" height=\"24\" viewBox=\"0 0 24 24\" version=\"1.1\" xmlns=\"http:\/\/www.w3.org\/2000\/svg\" aria-hidden=\"true\" focusable=\"false\"><path d=\"M 12.011719 2 C 6.5057187 2 2.0234844 6.478375 2.0214844 11.984375 C 2.0204844 13.744375 2.4814687 15.462563 3.3554688 16.976562 L 2 22 L 7.2324219 20.763672 C 8.6914219 21.559672 10.333859 21.977516 12.005859 21.978516 L 12.009766 21.978516 C 17.514766 21.978516 21.995047 17.499141 21.998047 11.994141 C 22.000047 9.3251406 20.962172 6.8157344 19.076172 4.9277344 C 17.190172 3.0407344 14.683719 2.001 12.011719 2 z M 12.009766 4 C 14.145766 4.001 16.153109 4.8337969 17.662109 6.3417969 C 19.171109 7.8517969 20.000047 9.8581875 19.998047 11.992188 C 19.996047 16.396187 16.413812 19.978516 12.007812 19.978516 C 10.674812 19.977516 9.3544062 19.642812 8.1914062 19.007812 L 7.5175781 18.640625 L 6.7734375 18.816406 L 4.8046875 19.28125 L 5.2851562 17.496094 L 5.5019531 16.695312 L 5.0878906 15.976562 C 4.3898906 14.768562 4.0204844 13.387375 4.0214844 11.984375 C 4.0234844 7.582375 7.6067656 4 12.009766 4 z M 8.4765625 7.375 C 8.3095625 7.375 8.0395469 7.4375 7.8105469 7.6875 C 7.5815469 7.9365 6.9355469 8.5395781 6.9355469 9.7675781 C 6.9355469 10.995578 7.8300781 12.182609 7.9550781 12.349609 C 8.0790781 12.515609 9.68175 15.115234 12.21875 16.115234 C 14.32675 16.946234 14.754891 16.782234 15.212891 16.740234 C 15.670891 16.699234 16.690438 16.137687 16.898438 15.554688 C 17.106437 14.971687 17.106922 14.470187 17.044922 14.367188 C 16.982922 14.263188 16.816406 14.201172 16.566406 14.076172 C 16.317406 13.951172 15.090328 13.348625 14.861328 13.265625 C 14.632328 13.182625 14.464828 13.140625 14.298828 13.390625 C 14.132828 13.640625 13.655766 14.201187 13.509766 14.367188 C 13.363766 14.534188 13.21875 14.556641 12.96875 14.431641 C 12.71875 14.305641 11.914938 14.041406 10.960938 13.191406 C 10.218937 12.530406 9.7182656 11.714844 9.5722656 11.464844 C 9.4272656 11.215844 9.5585938 11.079078 9.6835938 10.955078 C 9.7955938 10.843078 9.9316406 10.663578 10.056641 10.517578 C 10.180641 10.371578 10.223641 10.267562 10.306641 10.101562 C 10.389641 9.9355625 10.347156 9.7890625 10.285156 9.6640625 C 10.223156 9.5390625 9.737625 8.3065 9.515625 7.8125 C 9.328625 7.3975 9.131125 7.3878594 8.953125 7.3808594 C 8.808125 7.3748594 8.6425625 7.375 8.4765625 7.375 z\"><\/path><\/svg><span class=\"wp-block-social-link-label screen-reader-text\">WhatsApp<\/span><\/a><\/li><\/ul>\n\n\n\n<p><\/p>\n","protected":false},"excerpt":{"rendered":"<p>\u00bfBuscas una educaci\u00f3n que desaf\u00ede tu intelecto y fortalezca tu fe? En un mundo de verdades relativas, la Universidad Mica\u00edas nace como un faro de rigor intelectual y fidelidad b\u00edblica. Somos la primera Facultad en M\u00e9xico dedicada a la formaci\u00f3n cl\u00e1sica bajo la tradici\u00f3n Reformada y Confesional. No solo te preparamos para una carrera; te &hellip; <\/p>\n<p class=\"link-more\"><a href=\"https:\/\/micaias.org\/\" class=\"more-link\">Leer m\u00e1s<span class=\"screen-reader-text\"> \u00abInicio\u00bb<\/span><\/a><\/p>\n","protected":false},"author":1,"featured_media":0,"parent":0,"menu_order":0,"comment_status":"closed","ping_status":"closed","template":"","meta":{"footnotes":""},"class_list":["post-102","page","type-page","status-publish","hentry"],"_links":{"self":[{"href":"https:\/\/micaias.org\/index.php?rest_route=\/wp\/v2\/pages\/102","targetHints":{"allow":["GET"]}}],"collection":[{"href":"https:\/\/micaias.org\/index.php?rest_route=\/wp\/v2\/pages"}],"about":[{"href":"https:\/\/micaias.org\/index.php?rest_route=\/wp\/v2\/types\/page"}],"author":[{"embeddable":true,"href":"https:\/\/micaias.org\/index.php?rest_route=\/wp\/v2\/users\/1"}],"replies":[{"embeddable":true,"href":"https:\/\/micaias.org\/index.php?rest_route=%2Fwp%2Fv2%2Fcomments&post=102"}],"version-history":[{"count":31,"href":"https:\/\/micaias.org\/index.php?rest_route=\/wp\/v2\/pages\/102\/revisions"}],"predecessor-version":[{"id":375,"href":"https:\/\/micaias.org\/index.php?rest_route=\/wp\/v2\/pages\/102\/revisions\/375"}],"wp:attachment":[{"href":"https:\/\/micaias.org\/index.php?rest_route=%2Fwp%2Fv2%2Fmedia&parent=102"}],"curies":[{"name":"wp","href":"https:\/\/api.w.org\/{rel}","templated":true}]}}